{"id":7,"date":"2023-07-24T06:52:03","date_gmt":"2023-07-24T06:52:03","guid":{"rendered":"https:\/\/www.enviro.cz\/?page_id=7"},"modified":"2023-10-26T06:24:03","modified_gmt":"2023-10-26T06:24:03","slug":"enviro-s-r-o","status":"publish","type":"page","link":"https:\/\/www.enviro.cz\/?page_id=7","title":{"rendered":"IT SERVIS+ INTERNET SERVICE PROVIDER"},"content":{"rendered":"\n<p>V oblasti servisu IT m\u00e1me v\u00edce ne\u017e 30ti let\u00e9 zku\u0161enosti a praxi tak\u017ee se na n\u00e1s m\u016f\u017eete s d\u016fv\u011brou obr\u00e1tit s jak\u00fdmkoliv technick\u00fdm probl\u00e9mem v uveden\u00e9 oblasti a my V\u00e1m r\u00e1di pom\u016f\u017eeme. Z\u00e1rove\u0148 poskytujeme i kompletn\u00ed technickou podporu a poradenstv\u00ed nejen pro firmy ale i b\u011b\u017en\u00e9 u\u017eivatele. A samoz\u0159ejm\u011b jsou b\u011b\u017en\u00e9 konzultace kter\u00e9hokoliv technick\u00e9ho probl\u00e9mu \u010di rady u n\u00e1s pro v\u0161echny z\u00e1kazn\u00edky zdarma.<\/p>\n\n\n\n<p><\/p>\n\n\n\n<p><\/p>\n\n\n\n<p>    <\/p>\n\n\n\n<p>V oblasti internetu a poskytov\u00e1n\u00ed p\u0159ipojen\u00ed k n\u011bmu jsme za\u010dali podnikat jako jedna z prvn\u00edch firem v T\u0159eb\u00ed\u010di. Zpo\u010d\u00e1tku jsme pou\u017e\u00edvali pro p\u0159ipojov\u00e1n\u00ed z\u00e1kazn\u00edk\u016f za\u0159\u00edzen\u00ed typu BreezeNet \/neb nic jin\u00e9ho spolehliv\u00e9ho v t\u00e9 dob\u011b de facto nebylo\/, kter\u00e1 jsme \u010dasem nahradili za v\u00fdrazn\u011b modern\u011bj\u0161\u00ed a v\u00fdkon\u011bj\u0161\u00ed technologii se za\u0159\u00edzen\u00edmi Mikrotik. V sou\u010dasn\u00e9 dob\u011b na uveden\u00e9 technologii funguje cel\u00e1 na\u0161e datov\u00e1 s\u00ed\u0165. Hlavn\u00ed p\u0159ednost\u00ed uveden\u00e9ho je maxim\u00e1ln\u00ed spolehlivost, kterou z\u00e1rove\u0148 pova\u017eujeme za hlavn\u00ed parametr jak\u00e9hokoliv p\u0159ipojen\u00ed.<\/p>\n\n\n\n<p><strong>Definice telekomunika\u010dn\u00edho rozhran\u00ed dle \u00a773 odst. 7 z\u00e1kona c.127\/2005 Sb., o elektronick\u00fdch komunikac\u00edch<\/strong>:<\/p>\n\n\n\n<p>Ethernet 100Base-T      IEEE, 802.3    RJ-45     ANSI\/TIA\/EIA-568-B, IEC 60603<\/p>\n\n\n\n<p>Ethernet 1000Base-T      IEEE, 802.3    RJ-45    ANSI\/TIA\/EIA-568-B, IEC 60603<\/p>\n\n\n\n<p>Ethernet 1000Base-LX   IEEE, 802.3   optick\u00fd SC, LC, E2000\/APC    EIA\/TIA-604    <\/p>\n\n\n\n<p><\/p>\n\n\n\n<p> <\/p>\n\n\n\n<p><\/p>\n\n\n\n<div class=\"wp-block-cover is-light\" style=\"min-height:231px;aspect-ratio:unset;\"><span aria-hidden=\"true\" class=\"wp-block-cover__background has-background-dim\"><\/span><img loading=\"lazy\" decoding=\"async\" width=\"2339\" height=\"1654\" class=\"wp-block-cover__image-background wp-image-13\" alt=\"\" src=\"https:\/\/www.enviro.cz\/wp-content\/uploads\/2023\/07\/ENVIRO-logo-2021-1.png\" data-object-fit=\"cover\" srcset=\"https:\/\/www.enviro.cz\/wp-content\/uploads\/2023\/07\/ENVIRO-logo-2021-1.png 2339w, https:\/\/www.enviro.cz\/wp-content\/uploads\/2023\/07\/ENVIRO-logo-2021-1-300x212.png 300w, https:\/\/www.enviro.cz\/wp-content\/uploads\/2023\/07\/ENVIRO-logo-2021-1-1024x724.png 1024w, https:\/\/www.enviro.cz\/wp-content\/uploads\/2023\/07\/ENVIRO-logo-2021-1-768x543.png 768w, https:\/\/www.enviro.cz\/wp-content\/uploads\/2023\/07\/ENVIRO-logo-2021-1-1536x1086.png 1536w, https:\/\/www.enviro.cz\/wp-content\/uploads\/2023\/07\/ENVIRO-logo-2021-1-2048x1448.png 2048w\" sizes=\"auto, (max-width: 2339px) 100vw, 2339px\" \/><div class=\"wp-block-cover__inner-container is-layout-flow wp-block-cover-is-layout-flow\">\n<p class=\"has-text-align-center has-large-font-size\"><\/p>\n<\/div><\/div>\n","protected":false},"excerpt":{"rendered":"<p>V oblasti servisu IT m\u00e1me v\u00edce ne\u017e 30ti let\u00e9 zku\u0161enosti a praxi tak\u017ee se na n\u00e1s m\u016f\u017eete s d\u016fv\u011brou obr\u00e1tit s jak\u00fdmkoliv technick\u00fdm probl\u00e9mem v uveden\u00e9 oblasti a my V\u00e1m r\u00e1di pom\u016f\u017eeme. Z\u00e1rove\u0148 poskytujeme i kompletn\u00ed technickou podporu a poradenstv\u00ed nejen pro firmy ale i b\u011b\u017en\u00e9 u\u017eivatele. A samoz\u0159ejm\u011b jsou b\u011b\u017en\u00e9 konzultace kter\u00e9hokoliv technick\u00e9ho probl\u00e9mu [&hellip;]<\/p>\n","protected":false},"author":1,"featured_media":0,"parent":0,"menu_order":0,"comment_status":"closed","ping_status":"closed","template":"","meta":{"footnotes":""},"class_list":["post-7","page","type-page","status-publish","hentry"],"yoast_head":"<!-- This site is optimized with the Yoast SEO plugin v20.12 - https:\/\/yoast.com\/wordpress\/plugins\/seo\/ -->\n<title>IT SERVIS+ INTERNET SERVICE PROVIDER - ENVIRO s.r.o.<\/title>\n<meta name=\"robots\" content=\"index, follow, max-snippet:-1, max-image-preview:large, max-video-preview:-1\" \/>\n<link rel=\"canonical\" href=\"https:\/\/www.enviro.cz\/?page_id=7\" \/>\n<meta property=\"og:locale\" content=\"cs_CZ\" \/>\n<meta property=\"og:type\" content=\"article\" \/>\n<meta property=\"og:title\" content=\"IT SERVIS+ INTERNET SERVICE PROVIDER - ENVIRO s.r.o.\" \/>\n<meta property=\"og:description\" content=\"V oblasti servisu IT m\u00e1me v\u00edce ne\u017e 30ti let\u00e9 zku\u0161enosti a praxi tak\u017ee se na n\u00e1s m\u016f\u017eete s d\u016fv\u011brou obr\u00e1tit s jak\u00fdmkoliv technick\u00fdm probl\u00e9mem v uveden\u00e9 oblasti a my V\u00e1m r\u00e1di pom\u016f\u017eeme. Z\u00e1rove\u0148 poskytujeme i kompletn\u00ed technickou podporu a poradenstv\u00ed nejen pro firmy ale i b\u011b\u017en\u00e9 u\u017eivatele. A samoz\u0159ejm\u011b jsou b\u011b\u017en\u00e9 konzultace kter\u00e9hokoliv technick\u00e9ho probl\u00e9mu [&hellip;]\" \/>\n<meta property=\"og:url\" content=\"https:\/\/www.enviro.cz\/?page_id=7\" \/>\n<meta property=\"og:site_name\" content=\"ENVIRO s.r.o.\" \/>\n<meta property=\"article:publisher\" content=\"https:\/\/www.facebook.com\/IT.servis.Trebic\/\" \/>\n<meta property=\"article:modified_time\" content=\"2023-10-26T06:24:03+00:00\" \/>\n<meta property=\"og:image\" content=\"https:\/\/www.enviro.cz\/wp-content\/uploads\/2023\/07\/ENVIRO-logo-2021-1.png\" \/>\n<meta name=\"twitter:card\" content=\"summary_large_image\" \/>\n<meta name=\"twitter:label1\" content=\"Odhadovan\u00e1 doba \u010dten\u00ed\" \/>\n\t<meta name=\"twitter:data1\" content=\"2 minuty\" \/>\n<script type=\"application\/ld+json\" class=\"yoast-schema-graph\">{\"@context\":\"https:\/\/schema.org\",\"@graph\":[{\"@type\":\"WebPage\",\"@id\":\"https:\/\/www.enviro.cz\/?page_id=7\",\"url\":\"https:\/\/www.enviro.cz\/?page_id=7\",\"name\":\"IT SERVIS+ INTERNET SERVICE PROVIDER - ENVIRO s.r.o.\",\"isPartOf\":{\"@id\":\"https:\/\/www.enviro.cz\/#website\"},\"datePublished\":\"2023-07-24T06:52:03+00:00\",\"dateModified\":\"2023-10-26T06:24:03+00:00\",\"breadcrumb\":{\"@id\":\"https:\/\/www.enviro.cz\/?page_id=7#breadcrumb\"},\"inLanguage\":\"cs\",\"potentialAction\":[{\"@type\":\"ReadAction\",\"target\":[\"https:\/\/www.enviro.cz\/?page_id=7\"]}]},{\"@type\":\"BreadcrumbList\",\"@id\":\"https:\/\/www.enviro.cz\/?page_id=7#breadcrumb\",\"itemListElement\":[{\"@type\":\"ListItem\",\"position\":1,\"name\":\"Dom\u016f\",\"item\":\"https:\/\/www.enviro.cz\/\"},{\"@type\":\"ListItem\",\"position\":2,\"name\":\"IT SERVIS+ INTERNET SERVICE PROVIDER\"}]},{\"@type\":\"WebSite\",\"@id\":\"https:\/\/www.enviro.cz\/#website\",\"url\":\"https:\/\/www.enviro.cz\/\",\"name\":\"ENVIRO s.r.o.\",\"description\":\"s\u00eddlo firmy:\",\"publisher\":{\"@id\":\"https:\/\/www.enviro.cz\/#organization\"},\"potentialAction\":[{\"@type\":\"SearchAction\",\"target\":{\"@type\":\"EntryPoint\",\"urlTemplate\":\"https:\/\/www.enviro.cz\/?s={search_term_string}\"},\"query-input\":\"required name=search_term_string\"}],\"inLanguage\":\"cs\"},{\"@type\":\"Organization\",\"@id\":\"https:\/\/www.enviro.cz\/#organization\",\"name\":\"ENVIRO s.r.o.\",\"url\":\"https:\/\/www.enviro.cz\/\",\"logo\":{\"@type\":\"ImageObject\",\"inLanguage\":\"cs\",\"@id\":\"https:\/\/www.enviro.cz\/#\/schema\/logo\/image\/\",\"url\":\"https:\/\/www.enviro.cz\/wp-content\/uploads\/2023\/07\/ENVIRO-logo-2021-1-1.png\",\"contentUrl\":\"https:\/\/www.enviro.cz\/wp-content\/uploads\/2023\/07\/ENVIRO-logo-2021-1-1.png\",\"width\":2339,\"height\":1654,\"caption\":\"ENVIRO s.r.o.\"},\"image\":{\"@id\":\"https:\/\/www.enviro.cz\/#\/schema\/logo\/image\/\"},\"sameAs\":[\"https:\/\/www.facebook.com\/IT.servis.Trebic\/\"]}]}<\/script>\n<!-- \/ Yoast SEO plugin. -->","yoast_head_json":{"title":"IT SERVIS+ INTERNET SERVICE PROVIDER - ENVIRO s.r.o.","robots":{"index":"index","follow":"follow","max-snippet":"max-snippet:-1","max-image-preview":"max-image-preview:large","max-video-preview":"max-video-preview:-1"},"canonical":"https:\/\/www.enviro.cz\/?page_id=7","og_locale":"cs_CZ","og_type":"article","og_title":"IT SERVIS+ INTERNET SERVICE PROVIDER - ENVIRO s.r.o.","og_description":"V oblasti servisu IT m\u00e1me v\u00edce ne\u017e 30ti let\u00e9 zku\u0161enosti a praxi tak\u017ee se na n\u00e1s m\u016f\u017eete s d\u016fv\u011brou obr\u00e1tit s jak\u00fdmkoliv technick\u00fdm probl\u00e9mem v uveden\u00e9 oblasti a my V\u00e1m r\u00e1di pom\u016f\u017eeme. Z\u00e1rove\u0148 poskytujeme i kompletn\u00ed technickou podporu a poradenstv\u00ed nejen pro firmy ale i b\u011b\u017en\u00e9 u\u017eivatele. A samoz\u0159ejm\u011b jsou b\u011b\u017en\u00e9 konzultace kter\u00e9hokoliv technick\u00e9ho probl\u00e9mu [&hellip;]","og_url":"https:\/\/www.enviro.cz\/?page_id=7","og_site_name":"ENVIRO s.r.o.","article_publisher":"https:\/\/www.facebook.com\/IT.servis.Trebic\/","article_modified_time":"2023-10-26T06:24:03+00:00","og_image":[{"url":"https:\/\/www.enviro.cz\/wp-content\/uploads\/2023\/07\/ENVIRO-logo-2021-1.png"}],"twitter_card":"summary_large_image","twitter_misc":{"Odhadovan\u00e1 doba \u010dten\u00ed":"2 minuty"},"schema":{"@context":"https:\/\/schema.org","@graph":[{"@type":"WebPage","@id":"https:\/\/www.enviro.cz\/?page_id=7","url":"https:\/\/www.enviro.cz\/?page_id=7","name":"IT SERVIS+ INTERNET SERVICE PROVIDER - ENVIRO s.r.o.","isPartOf":{"@id":"https:\/\/www.enviro.cz\/#website"},"datePublished":"2023-07-24T06:52:03+00:00","dateModified":"2023-10-26T06:24:03+00:00","breadcrumb":{"@id":"https:\/\/www.enviro.cz\/?page_id=7#breadcrumb"},"inLanguage":"cs","potentialAction":[{"@type":"ReadAction","target":["https:\/\/www.enviro.cz\/?page_id=7"]}]},{"@type":"BreadcrumbList","@id":"https:\/\/www.enviro.cz\/?page_id=7#breadcrumb","itemListElement":[{"@type":"ListItem","position":1,"name":"Dom\u016f","item":"https:\/\/www.enviro.cz\/"},{"@type":"ListItem","position":2,"name":"IT SERVIS+ INTERNET SERVICE PROVIDER"}]},{"@type":"WebSite","@id":"https:\/\/www.enviro.cz\/#website","url":"https:\/\/www.enviro.cz\/","name":"ENVIRO s.r.o.","description":"s\u00eddlo firmy:","publisher":{"@id":"https:\/\/www.enviro.cz\/#organization"},"potentialAction":[{"@type":"SearchAction","target":{"@type":"EntryPoint","urlTemplate":"https:\/\/www.enviro.cz\/?s={search_term_string}"},"query-input":"required name=search_term_string"}],"inLanguage":"cs"},{"@type":"Organization","@id":"https:\/\/www.enviro.cz\/#organization","name":"ENVIRO s.r.o.","url":"https:\/\/www.enviro.cz\/","logo":{"@type":"ImageObject","inLanguage":"cs","@id":"https:\/\/www.enviro.cz\/#\/schema\/logo\/image\/","url":"https:\/\/www.enviro.cz\/wp-content\/uploads\/2023\/07\/ENVIRO-logo-2021-1-1.png","contentUrl":"https:\/\/www.enviro.cz\/wp-content\/uploads\/2023\/07\/ENVIRO-logo-2021-1-1.png","width":2339,"height":1654,"caption":"ENVIRO s.r.o."},"image":{"@id":"https:\/\/www.enviro.cz\/#\/schema\/logo\/image\/"},"sameAs":["https:\/\/www.facebook.com\/IT.servis.Trebic\/"]}]}},"_links":{"self":[{"href":"https:\/\/www.enviro.cz\/index.php?rest_route=\/wp\/v2\/pages\/7","targetHints":{"allow":["GET"]}}],"collection":[{"href":"https:\/\/www.enviro.cz\/index.php?rest_route=\/wp\/v2\/pages"}],"about":[{"href":"https:\/\/www.enviro.cz\/index.php?rest_route=\/wp\/v2\/types\/page"}],"author":[{"embeddable":true,"href":"https:\/\/www.enviro.cz\/index.php?rest_route=\/wp\/v2\/users\/1"}],"replies":[{"embeddable":true,"href":"https:\/\/www.enviro.cz\/index.php?rest_route=%2Fwp%2Fv2%2Fcomments&post=7"}],"version-history":[{"count":11,"href":"https:\/\/www.enviro.cz\/index.php?rest_route=\/wp\/v2\/pages\/7\/revisions"}],"predecessor-version":[{"id":137,"href":"https:\/\/www.enviro.cz\/index.php?rest_route=\/wp\/v2\/pages\/7\/revisions\/137"}],"wp:attachment":[{"href":"https:\/\/www.enviro.cz\/index.php?rest_route=%2Fwp%2Fv2%2Fmedia&parent=7"}],"curies":[{"name":"wp","href":"https:\/\/api.w.org\/{rel}","templated":true}]}}