{"id":2,"date":"2022-07-26T11:58:29","date_gmt":"2022-07-26T11:58:29","guid":{"rendered":"http:\/\/localhost\/wordpress\/?page_id=2"},"modified":"2023-10-26T07:33:27","modified_gmt":"2023-10-26T07:33:27","slug":"sample-page","status":"publish","type":"page","link":"https:\/\/www.enviro.cz\/?page_id=2","title":{"rendered":"O n\u00e1s&#8230;"},"content":{"rendered":"\n<p><\/p>\n\n\n\n<blockquote class=\"wp-block-quote is-layout-flow wp-block-quote-is-layout-flow\">\n<p>Firma ENVIRO s.r.o. bylo zalo\u017eeno v listopadu 1991 v T\u0159eb\u00ed\u010di jako servisn\u00ed a dodavatelsk\u00e1 firma v oblasti po\u010d\u00edta\u010dov\u00fdch slu\u017eeb. Za dobu sv\u00e9 existence poskytovala sv\u00e9 slu\u017eby ji\u017e mnoha tis\u00edc\u016fm z\u00e1kazn\u00edk\u016f. <\/p>\n\n\n\n<p>Aktu\u00e1ln\u011b prov\u00e1d\u00edme servisn\u00ed, dodavatelskou a poradenskou \u010dinnost v oblasti IT pro zna\u010dky Dell, ASUS, HP, ACER, OKI, Brother&#8230;<\/p>\n\n\n\n<p>V oblasti sol\u00e1rn\u00ed energie dod\u00e1v\u00e1me zejm\u00e9na \u0159e\u0161en\u00ed pro dota\u010dn\u00ed program Nov\u00e1 zelen\u00e1 \u00faspor\u00e1m a Nov\u00e1 zelen\u00e1 \u00faspor\u00e1m Light.<\/p>\n<\/blockquote>\n\n\n\n<p><\/p>\n\n\n\n<p><\/p>\n","protected":false},"excerpt":{"rendered":"<p>Firma ENVIRO s.r.o. bylo zalo\u017eeno v listopadu 1991 v T\u0159eb\u00ed\u010di jako servisn\u00ed a dodavatelsk\u00e1 firma v oblasti po\u010d\u00edta\u010dov\u00fdch slu\u017eeb. Za dobu sv\u00e9 existence poskytovala sv\u00e9 slu\u017eby ji\u017e mnoha tis\u00edc\u016fm z\u00e1kazn\u00edk\u016f. Aktu\u00e1ln\u011b prov\u00e1d\u00edme servisn\u00ed, dodavatelskou a poradenskou \u010dinnost v oblasti IT pro zna\u010dky Dell, ASUS, HP, ACER, OKI, Brother&#8230; V oblasti sol\u00e1rn\u00ed energie dod\u00e1v\u00e1me zejm\u00e9na \u0159e\u0161en\u00ed [&hellip;]<\/p>\n","protected":false},"author":1,"featured_media":0,"parent":0,"menu_order":0,"comment_status":"closed","ping_status":"open","template":"","meta":{"footnotes":""},"class_list":["post-2","page","type-page","status-publish","hentry"],"yoast_head":"<!-- This site is optimized with the Yoast SEO plugin v20.12 - https:\/\/yoast.com\/wordpress\/plugins\/seo\/ -->\n<title>O n\u00e1s... - ENVIRO s.r.o.<\/title>\n<meta name=\"robots\" content=\"index, follow, max-snippet:-1, max-image-preview:large, max-video-preview:-1\" \/>\n<link rel=\"canonical\" href=\"https:\/\/www.enviro.cz\/?page_id=2\" \/>\n<meta property=\"og:locale\" content=\"cs_CZ\" \/>\n<meta property=\"og:type\" content=\"article\" \/>\n<meta property=\"og:title\" content=\"O n\u00e1s... - ENVIRO s.r.o.\" \/>\n<meta property=\"og:description\" content=\"Firma ENVIRO s.r.o. bylo zalo\u017eeno v listopadu 1991 v T\u0159eb\u00ed\u010di jako servisn\u00ed a dodavatelsk\u00e1 firma v oblasti po\u010d\u00edta\u010dov\u00fdch slu\u017eeb. Za dobu sv\u00e9 existence poskytovala sv\u00e9 slu\u017eby ji\u017e mnoha tis\u00edc\u016fm z\u00e1kazn\u00edk\u016f. Aktu\u00e1ln\u011b prov\u00e1d\u00edme servisn\u00ed, dodavatelskou a poradenskou \u010dinnost v oblasti IT pro zna\u010dky Dell, ASUS, HP, ACER, OKI, Brother&#8230; V oblasti sol\u00e1rn\u00ed energie dod\u00e1v\u00e1me zejm\u00e9na \u0159e\u0161en\u00ed [&hellip;]\" \/>\n<meta property=\"og:url\" content=\"https:\/\/www.enviro.cz\/?page_id=2\" \/>\n<meta property=\"og:site_name\" content=\"ENVIRO s.r.o.\" \/>\n<meta property=\"article:publisher\" content=\"https:\/\/www.facebook.com\/IT.servis.Trebic\/\" \/>\n<meta property=\"article:modified_time\" content=\"2023-10-26T07:33:27+00:00\" \/>\n<meta name=\"twitter:card\" content=\"summary_large_image\" \/>\n<script type=\"application\/ld+json\" class=\"yoast-schema-graph\">{\"@context\":\"https:\/\/schema.org\",\"@graph\":[{\"@type\":\"WebPage\",\"@id\":\"https:\/\/www.enviro.cz\/?page_id=2\",\"url\":\"https:\/\/www.enviro.cz\/?page_id=2\",\"name\":\"O n\u00e1s... - ENVIRO s.r.o.\",\"isPartOf\":{\"@id\":\"https:\/\/www.enviro.cz\/#website\"},\"datePublished\":\"2022-07-26T11:58:29+00:00\",\"dateModified\":\"2023-10-26T07:33:27+00:00\",\"breadcrumb\":{\"@id\":\"https:\/\/www.enviro.cz\/?page_id=2#breadcrumb\"},\"inLanguage\":\"cs\",\"potentialAction\":[{\"@type\":\"ReadAction\",\"target\":[\"https:\/\/www.enviro.cz\/?page_id=2\"]}]},{\"@type\":\"BreadcrumbList\",\"@id\":\"https:\/\/www.enviro.cz\/?page_id=2#breadcrumb\",\"itemListElement\":[{\"@type\":\"ListItem\",\"position\":1,\"name\":\"Dom\u016f\",\"item\":\"https:\/\/www.enviro.cz\/\"},{\"@type\":\"ListItem\",\"position\":2,\"name\":\"O n\u00e1s&#8230;\"}]},{\"@type\":\"WebSite\",\"@id\":\"https:\/\/www.enviro.cz\/#website\",\"url\":\"https:\/\/www.enviro.cz\/\",\"name\":\"ENVIRO s.r.o.\",\"description\":\"s\u00eddlo firmy:\",\"publisher\":{\"@id\":\"https:\/\/www.enviro.cz\/#organization\"},\"potentialAction\":[{\"@type\":\"SearchAction\",\"target\":{\"@type\":\"EntryPoint\",\"urlTemplate\":\"https:\/\/www.enviro.cz\/?s={search_term_string}\"},\"query-input\":\"required name=search_term_string\"}],\"inLanguage\":\"cs\"},{\"@type\":\"Organization\",\"@id\":\"https:\/\/www.enviro.cz\/#organization\",\"name\":\"ENVIRO s.r.o.\",\"url\":\"https:\/\/www.enviro.cz\/\",\"logo\":{\"@type\":\"ImageObject\",\"inLanguage\":\"cs\",\"@id\":\"https:\/\/www.enviro.cz\/#\/schema\/logo\/image\/\",\"url\":\"https:\/\/www.enviro.cz\/wp-content\/uploads\/2023\/07\/ENVIRO-logo-2021-1-1.png\",\"contentUrl\":\"https:\/\/www.enviro.cz\/wp-content\/uploads\/2023\/07\/ENVIRO-logo-2021-1-1.png\",\"width\":2339,\"height\":1654,\"caption\":\"ENVIRO s.r.o.\"},\"image\":{\"@id\":\"https:\/\/www.enviro.cz\/#\/schema\/logo\/image\/\"},\"sameAs\":[\"https:\/\/www.facebook.com\/IT.servis.Trebic\/\"]}]}<\/script>\n<!-- \/ Yoast SEO plugin. -->","yoast_head_json":{"title":"O n\u00e1s... - ENVIRO s.r.o.","robots":{"index":"index","follow":"follow","max-snippet":"max-snippet:-1","max-image-preview":"max-image-preview:large","max-video-preview":"max-video-preview:-1"},"canonical":"https:\/\/www.enviro.cz\/?page_id=2","og_locale":"cs_CZ","og_type":"article","og_title":"O n\u00e1s... - ENVIRO s.r.o.","og_description":"Firma ENVIRO s.r.o. bylo zalo\u017eeno v listopadu 1991 v T\u0159eb\u00ed\u010di jako servisn\u00ed a dodavatelsk\u00e1 firma v oblasti po\u010d\u00edta\u010dov\u00fdch slu\u017eeb. Za dobu sv\u00e9 existence poskytovala sv\u00e9 slu\u017eby ji\u017e mnoha tis\u00edc\u016fm z\u00e1kazn\u00edk\u016f. Aktu\u00e1ln\u011b prov\u00e1d\u00edme servisn\u00ed, dodavatelskou a poradenskou \u010dinnost v oblasti IT pro zna\u010dky Dell, ASUS, HP, ACER, OKI, Brother&#8230; V oblasti sol\u00e1rn\u00ed energie dod\u00e1v\u00e1me zejm\u00e9na \u0159e\u0161en\u00ed [&hellip;]","og_url":"https:\/\/www.enviro.cz\/?page_id=2","og_site_name":"ENVIRO s.r.o.","article_publisher":"https:\/\/www.facebook.com\/IT.servis.Trebic\/","article_modified_time":"2023-10-26T07:33:27+00:00","twitter_card":"summary_large_image","schema":{"@context":"https:\/\/schema.org","@graph":[{"@type":"WebPage","@id":"https:\/\/www.enviro.cz\/?page_id=2","url":"https:\/\/www.enviro.cz\/?page_id=2","name":"O n\u00e1s... - ENVIRO s.r.o.","isPartOf":{"@id":"https:\/\/www.enviro.cz\/#website"},"datePublished":"2022-07-26T11:58:29+00:00","dateModified":"2023-10-26T07:33:27+00:00","breadcrumb":{"@id":"https:\/\/www.enviro.cz\/?page_id=2#breadcrumb"},"inLanguage":"cs","potentialAction":[{"@type":"ReadAction","target":["https:\/\/www.enviro.cz\/?page_id=2"]}]},{"@type":"BreadcrumbList","@id":"https:\/\/www.enviro.cz\/?page_id=2#breadcrumb","itemListElement":[{"@type":"ListItem","position":1,"name":"Dom\u016f","item":"https:\/\/www.enviro.cz\/"},{"@type":"ListItem","position":2,"name":"O n\u00e1s&#8230;"}]},{"@type":"WebSite","@id":"https:\/\/www.enviro.cz\/#website","url":"https:\/\/www.enviro.cz\/","name":"ENVIRO s.r.o.","description":"s\u00eddlo firmy:","publisher":{"@id":"https:\/\/www.enviro.cz\/#organization"},"potentialAction":[{"@type":"SearchAction","target":{"@type":"EntryPoint","urlTemplate":"https:\/\/www.enviro.cz\/?s={search_term_string}"},"query-input":"required name=search_term_string"}],"inLanguage":"cs"},{"@type":"Organization","@id":"https:\/\/www.enviro.cz\/#organization","name":"ENVIRO s.r.o.","url":"https:\/\/www.enviro.cz\/","logo":{"@type":"ImageObject","inLanguage":"cs","@id":"https:\/\/www.enviro.cz\/#\/schema\/logo\/image\/","url":"https:\/\/www.enviro.cz\/wp-content\/uploads\/2023\/07\/ENVIRO-logo-2021-1-1.png","contentUrl":"https:\/\/www.enviro.cz\/wp-content\/uploads\/2023\/07\/ENVIRO-logo-2021-1-1.png","width":2339,"height":1654,"caption":"ENVIRO s.r.o."},"image":{"@id":"https:\/\/www.enviro.cz\/#\/schema\/logo\/image\/"},"sameAs":["https:\/\/www.facebook.com\/IT.servis.Trebic\/"]}]}},"_links":{"self":[{"href":"https:\/\/www.enviro.cz\/index.php?rest_route=\/wp\/v2\/pages\/2","targetHints":{"allow":["GET"]}}],"collection":[{"href":"https:\/\/www.enviro.cz\/index.php?rest_route=\/wp\/v2\/pages"}],"about":[{"href":"https:\/\/www.enviro.cz\/index.php?rest_route=\/wp\/v2\/types\/page"}],"author":[{"embeddable":true,"href":"https:\/\/www.enviro.cz\/index.php?rest_route=\/wp\/v2\/users\/1"}],"replies":[{"embeddable":true,"href":"https:\/\/www.enviro.cz\/index.php?rest_route=%2Fwp%2Fv2%2Fcomments&post=2"}],"version-history":[{"count":6,"href":"https:\/\/www.enviro.cz\/index.php?rest_route=\/wp\/v2\/pages\/2\/revisions"}],"predecessor-version":[{"id":140,"href":"https:\/\/www.enviro.cz\/index.php?rest_route=\/wp\/v2\/pages\/2\/revisions\/140"}],"wp:attachment":[{"href":"https:\/\/www.enviro.cz\/index.php?rest_route=%2Fwp%2Fv2%2Fmedia&parent=2"}],"curies":[{"name":"wp","href":"https:\/\/api.w.org\/{rel}","templated":true}]}}